{"id":355,"date":"2024-03-20T20:00:46","date_gmt":"2024-03-20T19:00:46","guid":{"rendered":"https:\/\/artacoiffeur.043test.nl\/?page_id=355"},"modified":"2025-11-28T12:08:28","modified_gmt":"2025-11-28T11:08:28","slug":"produkte","status":"publish","type":"page","link":"https:\/\/artacoiffeur.nl\/de\/producten\/","title":{"rendered":"Produkte"},"content":{"rendered":"<style>.elementor-355 .elementor-element.elementor-element-98f1d8d{--display:flex;--min-height:30vh;--flex-direction:row;--container-widget-width:calc( ( 1 - var( --container-widget-flex-grow ) ) * 100% );--container-widget-height:100%;--container-widget-flex-grow:1;--container-widget-align-self:stretch;--flex-wrap-mobile:wrap;--justify-content:center;--align-items:center;--gap:10px 10px;--row-gap:10px;--column-gap:10px;--overlay-opacity:0.7;--padding-top:30px;--padding-bottom:0px;--padding-left:0px;--padding-right:0px;}.elementor-355 .elementor-element.elementor-element-98f1d8d:not(.elementor-motion-effects-element-type-background), .elementor-355 .elementor-element.elementor-element-98f1d8d > .elementor-motion-effects-container > .elementor-motion-effects-layer{background-image:url(\"https:\/\/artacoiffeur.nl\/wp-content\/uploads\/2024\/03\/producten.jpg\");background-position:center center;background-size:cover;}.elementor-355 .elementor-element.elementor-element-98f1d8d::before, .elementor-355 .elementor-element.elementor-element-98f1d8d > .elementor-background-video-container::before, .elementor-355 .elementor-element.elementor-element-98f1d8d > .e-con-inner > .elementor-background-video-container::before, .elementor-355 .elementor-element.elementor-element-98f1d8d > .elementor-background-slideshow::before, .elementor-355 .elementor-element.elementor-element-98f1d8d > .e-con-inner > .elementor-background-slideshow::before, .elementor-355 .elementor-element.elementor-element-98f1d8d > .elementor-motion-effects-container > .elementor-motion-effects-layer::before{--background-overlay:'';background-color:#FFFFFF;}.elementor-355 .elementor-element.elementor-element-6abd5e4{text-align:center;}.elementor-355 .elementor-element.elementor-element-3008f2a{--display:flex;--flex-direction:row;--container-widget-width:calc( ( 1 - var( --container-widget-flex-grow ) ) * 100% );--container-widget-height:100%;--container-widget-flex-grow:1;--container-widget-align-self:stretch;--flex-wrap-mobile:wrap;--align-items:stretch;--gap:10px 10px;--row-gap:10px;--column-gap:10px;--padding-top:100px;--padding-bottom:100px;--padding-left:0px;--padding-right:0px;}.elementor-355 .elementor-element.elementor-element-2213cd4{--display:flex;--justify-content:center;--padding-top:50px;--padding-bottom:50px;--padding-left:0px;--padding-right:0px;}.elementor-355 .elementor-element.elementor-element-fac137d{font-family:var( --e-global-typography-34f7c3e-font-family ), Sans-serif;font-size:var( --e-global-typography-34f7c3e-font-size );font-weight:var( --e-global-typography-34f7c3e-font-weight );text-transform:var( --e-global-typography-34f7c3e-text-transform );line-height:var( --e-global-typography-34f7c3e-line-height );letter-spacing:var( --e-global-typography-34f7c3e-letter-spacing );word-spacing:var( --e-global-typography-34f7c3e-word-spacing );color:#AF915B;}.elementor-355 .elementor-element.elementor-element-fac137d > .elementor-widget-container{margin:0px 0px -15px 0px;}.elementor-355 .elementor-element.elementor-element-34fa1dd .elementor-heading-title{font-family:var( --e-global-typography-primary-font-family ), Sans-serif;font-size:var( --e-global-typography-primary-font-size );font-weight:var( --e-global-typography-primary-font-weight );line-height:var( --e-global-typography-primary-line-height );color:#242424;}.elementor-355 .elementor-element.elementor-element-34fa1dd > .elementor-widget-container{margin:0px 0px 20px 0px;}.elementor-355 .elementor-element.elementor-element-a214243{font-family:var( --e-global-typography-text-font-family ), Sans-serif;font-size:var( --e-global-typography-text-font-size );font-weight:var( --e-global-typography-text-font-weight );line-height:var( --e-global-typography-text-line-height );}.elementor-355 .elementor-element.elementor-element-a214243 > .elementor-widget-container{margin:0px 0px 50px 0px;}.elementor-355 .elementor-element.elementor-element-4ec7b3b{--display:flex;--margin-top:0px;--margin-bottom:0px;--margin-left:50px;--margin-right:0px;}.elementor-355 .elementor-element.elementor-element-4ec7b3b:not(.elementor-motion-effects-element-type-background), .elementor-355 .elementor-element.elementor-element-4ec7b3b > .elementor-motion-effects-container > .elementor-motion-effects-layer{background-image:url(\"https:\/\/artacoiffeur.nl\/wp-content\/uploads\/2024\/03\/8.jpg\");background-position:center center;background-size:cover;}.elementor-355 .elementor-element.elementor-element-4e7cb14{--spacer-size:50px;}.elementor-355 .elementor-element.elementor-element-9e06dc4{--display:flex;--flex-direction:row;--container-widget-width:calc( ( 1 - var( --container-widget-flex-grow ) ) * 100% );--container-widget-height:100%;--container-widget-flex-grow:1;--container-widget-align-self:stretch;--flex-wrap-mobile:wrap;--align-items:stretch;--padding-top:120px;--padding-bottom:120px;--padding-left:0px;--padding-right:0px;}.elementor-355 .elementor-element.elementor-element-9e06dc4:not(.elementor-motion-effects-element-type-background), .elementor-355 .elementor-element.elementor-element-9e06dc4 > .elementor-motion-effects-container > .elementor-motion-effects-layer{background-color:#EFEFEB;background-image:url(\"https:\/\/artacoiffeur.nl\/wp-content\/uploads\/2024\/03\/bg_Artboard-1-copy_3.png\");background-position:center center;background-size:cover;}.elementor-355 .elementor-element.elementor-element-1fa2644{--display:flex;}.elementor-355 .elementor-element.elementor-element-20ffb84{--display:grid;--e-con-grid-template-columns:repeat(3, 1fr);--e-con-grid-template-rows:repeat(1, 1fr);--grid-auto-flow:row;}.elementor-355 .elementor-element.elementor-element-7ea3248{--display:flex;--flex-direction:row;--container-widget-width:initial;--container-widget-height:100%;--container-widget-flex-grow:1;--container-widget-align-self:stretch;--flex-wrap-mobile:wrap;}.elementor-355 .elementor-element.elementor-element-fa78b47{--display:flex;}.elementor-355 .elementor-element.elementor-element-60723d7 .elementor-heading-title{font-family:var( --e-global-typography-secondary-font-family ), Sans-serif;font-size:var( --e-global-typography-secondary-font-size );font-weight:var( --e-global-typography-secondary-font-weight );}.elementor-355 .elementor-element.elementor-element-e0a2c47{--display:flex;}.elementor-355 .elementor-element.elementor-element-c864405 .elementor-heading-title{font-family:var( --e-global-typography-secondary-font-family ), Sans-serif;font-size:var( --e-global-typography-secondary-font-size );font-weight:var( --e-global-typography-secondary-font-weight );}@media(max-width:1024px){.elementor-355 .elementor-element.elementor-element-3008f2a{--padding-top:70px;--padding-bottom:70px;--padding-left:30px;--padding-right:30px;}.elementor-355 .elementor-element.elementor-element-2213cd4{--margin-top:50px;--margin-bottom:50px;--margin-left:0px;--margin-right:50px;--padding-top:0px;--padding-bottom:0px;--padding-left:0px;--padding-right:0px;}.elementor-355 .elementor-element.elementor-element-fac137d{font-size:var( --e-global-typography-34f7c3e-font-size );line-height:var( --e-global-typography-34f7c3e-line-height );letter-spacing:var( --e-global-typography-34f7c3e-letter-spacing );word-spacing:var( --e-global-typography-34f7c3e-word-spacing );}.elementor-355 .elementor-element.elementor-element-fac137d > .elementor-widget-container{margin:0px 0px -30px 0px;}.elementor-355 .elementor-element.elementor-element-34fa1dd .elementor-heading-title{font-size:var( --e-global-typography-primary-font-size );line-height:var( --e-global-typography-primary-line-height );}.elementor-355 .elementor-element.elementor-element-a214243{font-size:var( --e-global-typography-text-font-size );line-height:var( --e-global-typography-text-line-height );}.elementor-355 .elementor-element.elementor-element-a214243 > .elementor-widget-container{margin:0px 0px 30px 0px;}.elementor-355 .elementor-element.elementor-element-4ec7b3b:not(.elementor-motion-effects-element-type-background), .elementor-355 .elementor-element.elementor-element-4ec7b3b > .elementor-motion-effects-container > .elementor-motion-effects-layer{background-position:-190px 0px;}.elementor-355 .elementor-element.elementor-element-4ec7b3b{--margin-top:0px;--margin-bottom:0px;--margin-left:0px;--margin-right:0px;}.elementor-355 .elementor-element.elementor-element-9e06dc4:not(.elementor-motion-effects-element-type-background), .elementor-355 .elementor-element.elementor-element-9e06dc4 > .elementor-motion-effects-container > .elementor-motion-effects-layer{background-position:-400px 0px;}.elementor-355 .elementor-element.elementor-element-9e06dc4{--padding-top:70px;--padding-bottom:70px;--padding-left:30px;--padding-right:30px;}.elementor-355 .elementor-element.elementor-element-20ffb84{--grid-auto-flow:row;}.elementor-355 .elementor-element.elementor-element-60723d7 .elementor-heading-title{font-size:var( --e-global-typography-secondary-font-size );}.elementor-355 .elementor-element.elementor-element-c864405 .elementor-heading-title{font-size:var( --e-global-typography-secondary-font-size );}}@media(max-width:767px){.elementor-355 .elementor-element.elementor-element-98f1d8d{--min-height:25vh;}.elementor-355 .elementor-element.elementor-element-3008f2a{--padding-top:50px;--padding-bottom:50px;--padding-left:20px;--padding-right:20px;}.elementor-355 .elementor-element.elementor-element-2213cd4{--margin-top:0px;--margin-bottom:0px;--margin-left:0px;--margin-right:0px;--padding-top:0px;--padding-bottom:50px;--padding-left:0px;--padding-right:0px;}.elementor-355 .elementor-element.elementor-element-fac137d{text-align:start;font-size:var( --e-global-typography-34f7c3e-font-size );line-height:var( --e-global-typography-34f7c3e-line-height );letter-spacing:var( --e-global-typography-34f7c3e-letter-spacing );word-spacing:var( --e-global-typography-34f7c3e-word-spacing );}.elementor-355 .elementor-element.elementor-element-34fa1dd{text-align:start;}.elementor-355 .elementor-element.elementor-element-34fa1dd .elementor-heading-title{font-size:var( --e-global-typography-primary-font-size );line-height:var( --e-global-typography-primary-line-height );}.elementor-355 .elementor-element.elementor-element-a214243{text-align:start;font-size:var( --e-global-typography-text-font-size );line-height:var( --e-global-typography-text-line-height );}.elementor-355 .elementor-element.elementor-element-a214243 > .elementor-widget-container{margin:0px 0px 40px 0px;}.elementor-355 .elementor-element.elementor-element-4ec7b3b:not(.elementor-motion-effects-element-type-background), .elementor-355 .elementor-element.elementor-element-4ec7b3b > .elementor-motion-effects-container > .elementor-motion-effects-layer{background-position:0px 0px;}.elementor-355 .elementor-element.elementor-element-4e7cb14{--spacer-size:244px;}.elementor-355 .elementor-element.elementor-element-9e06dc4:not(.elementor-motion-effects-element-type-background), .elementor-355 .elementor-element.elementor-element-9e06dc4 > .elementor-motion-effects-container > .elementor-motion-effects-layer{background-position:-695px 0px;}.elementor-355 .elementor-element.elementor-element-9e06dc4{--padding-top:50px;--padding-bottom:50px;--padding-left:20px;--padding-right:20px;}.elementor-355 .elementor-element.elementor-element-1fa2644{--gap:0px 0px;--row-gap:0px;--column-gap:0px;}.elementor-355 .elementor-element.elementor-element-20ffb84{--e-con-grid-template-columns:repeat(1, 1fr);--grid-auto-flow:row;}.elementor-355 .elementor-element.elementor-element-60723d7 .elementor-heading-title{font-size:var( --e-global-typography-secondary-font-size );}.elementor-355 .elementor-element.elementor-element-c864405 .elementor-heading-title{font-size:var( --e-global-typography-secondary-font-size );}}@media(min-width:768px){.elementor-355 .elementor-element.elementor-element-98f1d8d{--content-width:1200px;}.elementor-355 .elementor-element.elementor-element-3008f2a{--content-width:1200px;}.elementor-355 .elementor-element.elementor-element-9e06dc4{--content-width:1200px;}}@media(max-width:1024px) and (min-width:768px){.elementor-355 .elementor-element.elementor-element-2213cd4{--width:60%;}.elementor-355 .elementor-element.elementor-element-4ec7b3b{--width:50%;}}@media(min-width:1025px){.elementor-355 .elementor-element.elementor-element-9e06dc4:not(.elementor-motion-effects-element-type-background), .elementor-355 .elementor-element.elementor-element-9e06dc4 > .elementor-motion-effects-container > .elementor-motion-effects-layer{background-attachment:fixed;}}<\/style>\t\t<div data-elementor-type=\"wp-page\" data-elementor-id=\"355\" class=\"elementor elementor-355\" data-elementor-post-type=\"page\">\n\t\t\t\t<div class=\"elementor-element elementor-element-98f1d8d e-flex e-con-boxed e-con e-parent\" data-id=\"98f1d8d\" data-element_type=\"container\" data-e-type=\"container\" data-settings=\"{&quot;background_background&quot;:&quot;classic&quot;,&quot;jet_parallax_layout_list&quot;:[]}\">\n\t\t\t\t\t<div class=\"e-con-inner\">\n\t\t\t\t<div class=\"elementor-element elementor-element-6abd5e4 elementor-invisible elementor-widget elementor-widget-heading\" data-id=\"6abd5e4\" data-element_type=\"widget\" data-e-type=\"widget\" data-settings=\"{&quot;_animation&quot;:&quot;fadeIn&quot;}\" data-widget_type=\"heading.default\">\n\t\t\t\t<div class=\"elementor-widget-container\">\n\t\t\t\t\t<h2 class=\"elementor-heading-title elementor-size-default\">Produkte<\/h2>\t\t\t\t<\/div>\n\t\t\t\t<\/div>\n\t\t\t\t\t<\/div>\n\t\t\t\t<\/div>\n\t\t<div class=\"elementor-element elementor-element-3008f2a e-flex e-con-boxed e-con e-parent\" data-id=\"3008f2a\" data-element_type=\"container\" data-e-type=\"container\" data-settings=\"{&quot;background_background&quot;:&quot;classic&quot;,&quot;jet_parallax_layout_list&quot;:[]}\">\n\t\t\t\t\t<div class=\"e-con-inner\">\n\t\t<div class=\"elementor-element elementor-element-2213cd4 e-con-full e-flex e-con e-child\" data-id=\"2213cd4\" data-element_type=\"container\" data-e-type=\"container\" data-settings=\"{&quot;jet_parallax_layout_list&quot;:[]}\">\n\t\t\t\t<div class=\"elementor-element elementor-element-fac137d elementor-invisible elementor-widget elementor-widget-text-editor\" data-id=\"fac137d\" data-element_type=\"widget\" data-e-type=\"widget\" data-settings=\"{&quot;_animation&quot;:&quot;fadeIn&quot;}\" data-widget_type=\"text-editor.default\">\n\t\t\t\t<div class=\"elementor-widget-container\">\n\t\t\t\t\t\t\t\t\t<p>Nur das Allerbeste\u00a0<\/p>\t\t\t\t\t\t\t\t<\/div>\n\t\t\t\t<\/div>\n\t\t\t\t<div class=\"elementor-element elementor-element-34fa1dd elementor-invisible elementor-widget elementor-widget-heading\" data-id=\"34fa1dd\" data-element_type=\"widget\" data-e-type=\"widget\" data-settings=\"{&quot;_animation&quot;:&quot;fadeIn&quot;,&quot;_animation_delay&quot;:200}\" data-widget_type=\"heading.default\">\n\t\t\t\t<div class=\"elementor-widget-container\">\n\t\t\t\t\t<h2 class=\"elementor-heading-title elementor-size-default\">Produkte<\/h2>\t\t\t\t<\/div>\n\t\t\t\t<\/div>\n\t\t\t\t<div class=\"elementor-element elementor-element-a214243 elementor-invisible elementor-widget elementor-widget-text-editor\" data-id=\"a214243\" data-element_type=\"widget\" data-e-type=\"widget\" data-settings=\"{&quot;_animation&quot;:&quot;fadeIn&quot;,&quot;_animation_delay&quot;:400}\" data-widget_type=\"text-editor.default\">\n\t\t\t\t<div class=\"elementor-widget-container\">\n\t\t\t\t\t\t\t\t\t<p>Wir sind immer auf der Suche nach den besten Produkten f\u00fcr Ihre Haarpflege, in Bezug auf Qualit\u00e4t und Umweltfreundlichkeit. Oliebe, unsere pflanzliche F\u00e4rbung 100%.&nbsp;<\/p>\n<p>Authentic beauty, Aveda, Sebastian, Unite und Schwarzkopf runden unser Angebot ab.<\/p>\n<p>Da die 100%-Naturf\u00e4rbung nicht f\u00fcr jeden m\u00f6glich ist, arbeiten wir zus\u00e4tzlich mit chemischen F\u00e4rbungen von Schwarzkopf, die die Struktur des Haares erhalten und f\u00fcr Glanz sorgen.<\/p>\t\t\t\t\t\t\t\t<\/div>\n\t\t\t\t<\/div>\n\t\t\t\t<\/div>\n\t\t<div class=\"elementor-element elementor-element-4ec7b3b e-con-full e-flex elementor-invisible e-con e-child\" data-id=\"4ec7b3b\" data-element_type=\"container\" data-e-type=\"container\" data-settings=\"{&quot;background_background&quot;:&quot;classic&quot;,&quot;animation&quot;:&quot;fadeIn&quot;,&quot;jet_parallax_layout_list&quot;:[]}\">\n\t\t\t\t<div class=\"elementor-element elementor-element-4e7cb14 elementor-widget elementor-widget-spacer\" data-id=\"4e7cb14\" data-element_type=\"widget\" data-e-type=\"widget\" data-widget_type=\"spacer.default\">\n\t\t\t\t<div class=\"elementor-widget-container\">\n\t\t\t\t\t\t\t<div class=\"elementor-spacer\">\n\t\t\t<div class=\"elementor-spacer-inner\"><\/div>\n\t\t<\/div>\n\t\t\t\t\t\t<\/div>\n\t\t\t\t<\/div>\n\t\t\t\t<\/div>\n\t\t\t\t\t<\/div>\n\t\t\t\t<\/div>\n\t\t<div class=\"elementor-element elementor-element-9e06dc4 e-flex e-con-boxed e-con e-parent\" data-id=\"9e06dc4\" data-element_type=\"container\" data-e-type=\"container\" data-settings=\"{&quot;background_background&quot;:&quot;classic&quot;,&quot;jet_parallax_layout_list&quot;:[]}\">\n\t\t\t\t\t<div class=\"e-con-inner\">\n\t\t<div class=\"elementor-element elementor-element-1fa2644 e-con-full e-flex e-con e-child\" data-id=\"1fa2644\" data-element_type=\"container\" data-e-type=\"container\" data-settings=\"{&quot;jet_parallax_layout_list&quot;:[]}\">\n\t\t<div class=\"elementor-element elementor-element-20ffb84 e-grid e-con-full e-con e-child\" data-id=\"20ffb84\" data-element_type=\"container\" data-e-type=\"container\" data-settings=\"{&quot;jet_parallax_layout_list&quot;:[]}\">\n\t\t\t\t<div class=\"elementor-element elementor-element-2dd2908 elementor-widget elementor-widget-image\" data-id=\"2dd2908\" data-element_type=\"widget\" data-e-type=\"widget\" data-widget_type=\"image.default\">\n\t\t\t\t<div class=\"elementor-widget-container\">\n\t\t\t\t\t\t\t\t\t\t\t\t\t\t\t<img fetchpriority=\"high\" decoding=\"async\" width=\"1280\" height=\"854\" src=\"https:\/\/artacoiffeur.nl\/wp-content\/uploads\/2024\/03\/authenticbeauty-groot.jpeg\" class=\"attachment-full size-full wp-image-523\" alt=\"Friseur Friseursalon Maastricht\" srcset=\"https:\/\/artacoiffeur.nl\/wp-content\/uploads\/2024\/03\/authenticbeauty-groot.jpeg 1280w, https:\/\/artacoiffeur.nl\/wp-content\/uploads\/2024\/03\/authenticbeauty-groot-300x200.jpeg 300w, https:\/\/artacoiffeur.nl\/wp-content\/uploads\/2024\/03\/authenticbeauty-groot-1024x683.jpeg 1024w, https:\/\/artacoiffeur.nl\/wp-content\/uploads\/2024\/03\/authenticbeauty-groot-768x512.jpeg 768w, https:\/\/artacoiffeur.nl\/wp-content\/uploads\/2024\/03\/authenticbeauty-groot-18x12.jpeg 18w\" sizes=\"(max-width: 1280px) 100vw, 1280px\" \/>\t\t\t\t\t\t\t\t\t\t\t\t\t\t\t<\/div>\n\t\t\t\t<\/div>\n\t\t\t\t<div class=\"elementor-element elementor-element-3b2747c elementor-widget elementor-widget-image\" data-id=\"3b2747c\" data-element_type=\"widget\" data-e-type=\"widget\" data-widget_type=\"image.default\">\n\t\t\t\t<div class=\"elementor-widget-container\">\n\t\t\t\t\t\t\t\t\t\t\t\t\t\t\t<img decoding=\"async\" width=\"1022\" height=\"682\" src=\"https:\/\/artacoiffeur.nl\/wp-content\/uploads\/2025\/11\/ABC_Community_Flatlay_Shooting_06_20223852-e1764328011248.jpg\" class=\"attachment-full size-full wp-image-613\" alt=\"\" srcset=\"https:\/\/artacoiffeur.nl\/wp-content\/uploads\/2025\/11\/ABC_Community_Flatlay_Shooting_06_20223852-e1764328011248.jpg 1022w, https:\/\/artacoiffeur.nl\/wp-content\/uploads\/2025\/11\/ABC_Community_Flatlay_Shooting_06_20223852-e1764328011248-300x200.jpg 300w, https:\/\/artacoiffeur.nl\/wp-content\/uploads\/2025\/11\/ABC_Community_Flatlay_Shooting_06_20223852-e1764328011248-768x513.jpg 768w, https:\/\/artacoiffeur.nl\/wp-content\/uploads\/2025\/11\/ABC_Community_Flatlay_Shooting_06_20223852-e1764328011248-18x12.jpg 18w\" sizes=\"(max-width: 1022px) 100vw, 1022px\" \/>\t\t\t\t\t\t\t\t\t\t\t\t\t\t\t<\/div>\n\t\t\t\t<\/div>\n\t\t\t\t<div class=\"elementor-element elementor-element-7ddc909 elementor-hidden-mobile elementor-widget elementor-widget-image\" data-id=\"7ddc909\" data-element_type=\"widget\" data-e-type=\"widget\" data-widget_type=\"image.default\">\n\t\t\t\t<div class=\"elementor-widget-container\">\n\t\t\t\t\t\t\t\t\t\t\t\t\t\t\t<img decoding=\"async\" width=\"2400\" height=\"1600\" src=\"https:\/\/artacoiffeur.nl\/wp-content\/uploads\/2024\/03\/producten.jpg\" class=\"attachment-full size-full wp-image-366\" alt=\"Friseur Friseursalon Maastricht\" srcset=\"https:\/\/artacoiffeur.nl\/wp-content\/uploads\/2024\/03\/producten.jpg 2400w, https:\/\/artacoiffeur.nl\/wp-content\/uploads\/2024\/03\/producten-300x200.jpg 300w, https:\/\/artacoiffeur.nl\/wp-content\/uploads\/2024\/03\/producten-1024x683.jpg 1024w, https:\/\/artacoiffeur.nl\/wp-content\/uploads\/2024\/03\/producten-768x512.jpg 768w, https:\/\/artacoiffeur.nl\/wp-content\/uploads\/2024\/03\/producten-1536x1024.jpg 1536w, https:\/\/artacoiffeur.nl\/wp-content\/uploads\/2024\/03\/producten-2048x1365.jpg 2048w\" sizes=\"(max-width: 2400px) 100vw, 2400px\" \/>\t\t\t\t\t\t\t\t\t\t\t\t\t\t\t<\/div>\n\t\t\t\t<\/div>\n\t\t\t\t<\/div>\n\t\t<div class=\"elementor-element elementor-element-7ea3248 e-con-full e-flex e-con e-child\" data-id=\"7ea3248\" data-element_type=\"container\" data-e-type=\"container\" data-settings=\"{&quot;jet_parallax_layout_list&quot;:[]}\">\n\t\t<div class=\"elementor-element elementor-element-fa78b47 e-con-full e-flex e-con e-child\" data-id=\"fa78b47\" data-element_type=\"container\" data-e-type=\"container\" data-settings=\"{&quot;jet_parallax_layout_list&quot;:[]}\">\n\t\t\t\t<div class=\"elementor-element elementor-element-60723d7 elementor-widget elementor-widget-heading\" data-id=\"60723d7\" data-element_type=\"widget\" data-e-type=\"widget\" data-widget_type=\"heading.default\">\n\t\t\t\t<div class=\"elementor-widget-container\">\n\t\t\t\t\t<h3 class=\"elementor-heading-title elementor-size-default\">Authentische Sch\u00f6nheit<\/h3>\t\t\t\t<\/div>\n\t\t\t\t<\/div>\n\t\t\t\t<div class=\"elementor-element elementor-element-beabf3c elementor-widget elementor-widget-text-editor\" data-id=\"beabf3c\" data-element_type=\"widget\" data-e-type=\"widget\" data-widget_type=\"text-editor.default\">\n\t\t\t\t<div class=\"elementor-widget-container\">\n\t\t\t\t\t\t\t\t\t<p>Authentic Beauty Concept ist eine ganzheitliche und hochwertige Haarmarke, die aus einem Friseurkollektiv hervorgegangen ist. Sie besteht aus einer Kollektion von nat\u00fcrlichen Haarpflegeprodukten mit pflanzlichen Inhaltsstoffen. Sie glauben an reine Inhaltsstoffe, die sorgf\u00e4ltig ausgew\u00e4hlt und vegan sind. Die Produkte enthalten keine Parabene, Sulfate, Silikone und Mikroplastik. Bei Authentic geht es um SIE und darum, echt zu sein. Um nat\u00fcrliche Sch\u00f6nheit und Einfachheit.<\/p>\t\t\t\t\t\t\t\t<\/div>\n\t\t\t\t<\/div>\n\t\t\t\t<\/div>\n\t\t<div class=\"elementor-element elementor-element-e0a2c47 e-con-full e-flex e-con e-child\" data-id=\"e0a2c47\" data-element_type=\"container\" data-e-type=\"container\" data-settings=\"{&quot;jet_parallax_layout_list&quot;:[]}\">\n\t\t\t\t<div class=\"elementor-element elementor-element-584d145 elementor-hidden-desktop elementor-hidden-tablet elementor-widget elementor-widget-image\" data-id=\"584d145\" data-element_type=\"widget\" data-e-type=\"widget\" data-widget_type=\"image.default\">\n\t\t\t\t<div class=\"elementor-widget-container\">\n\t\t\t\t\t\t\t\t\t\t\t\t\t\t\t<img decoding=\"async\" width=\"2400\" height=\"1600\" src=\"https:\/\/artacoiffeur.nl\/wp-content\/uploads\/2024\/03\/producten.jpg\" class=\"attachment-full size-full wp-image-366\" alt=\"Friseur Friseursalon Maastricht\" srcset=\"https:\/\/artacoiffeur.nl\/wp-content\/uploads\/2024\/03\/producten.jpg 2400w, https:\/\/artacoiffeur.nl\/wp-content\/uploads\/2024\/03\/producten-300x200.jpg 300w, https:\/\/artacoiffeur.nl\/wp-content\/uploads\/2024\/03\/producten-1024x683.jpg 1024w, https:\/\/artacoiffeur.nl\/wp-content\/uploads\/2024\/03\/producten-768x512.jpg 768w, https:\/\/artacoiffeur.nl\/wp-content\/uploads\/2024\/03\/producten-1536x1024.jpg 1536w, https:\/\/artacoiffeur.nl\/wp-content\/uploads\/2024\/03\/producten-2048x1365.jpg 2048w\" sizes=\"(max-width: 2400px) 100vw, 2400px\" \/>\t\t\t\t\t\t\t\t\t\t\t\t\t\t\t<\/div>\n\t\t\t\t<\/div>\n\t\t\t\t<div class=\"elementor-element elementor-element-c864405 elementor-widget elementor-widget-heading\" data-id=\"c864405\" data-element_type=\"widget\" data-e-type=\"widget\" data-widget_type=\"heading.default\">\n\t\t\t\t<div class=\"elementor-widget-container\">\n\t\t\t\t\t<h3 class=\"elementor-heading-title elementor-size-default\">Oliebe<\/h3>\t\t\t\t<\/div>\n\t\t\t\t<\/div>\n\t\t\t\t<div class=\"elementor-element elementor-element-a15db51 elementor-widget elementor-widget-text-editor\" data-id=\"a15db51\" data-element_type=\"widget\" data-e-type=\"widget\" data-widget_type=\"text-editor.default\">\n\t\t\t\t<div class=\"elementor-widget-container\">\n\t\t\t\t\t\t\t\t\t<p>Oliebe ist eine 100% pflanzliche, rein nat\u00fcrliche Haarfarbe. Wer sein Haar mit Pflanzenfarbe f\u00e4rbt, erlebt ganz neue Eindr\u00fccke. Es beginnt mit dem Duft beim Auftragen der Farbe (man riecht die Natur). Und geht weiter mit dem Gef\u00fchl, dass die F\u00e4rbung dem Haar wirklich gut tut. Durch die Gerbs\u00e4ure und die adstringierenden Stoffe in den Pflanzen wird selbst kraftloses Haar nach jeder Behandlung kr\u00e4ftiger und gl\u00e4nzt enorm.<\/p>\t\t\t\t\t\t\t\t<\/div>\n\t\t\t\t<\/div>\n\t\t\t\t<\/div>\n\t\t\t\t<\/div>\n\t\t\t\t<\/div>\n\t\t\t\t\t<\/div>\n\t\t\t\t<\/div>\n\t\t\t\t<\/div>","protected":false},"excerpt":{"rendered":"<p>Producten Alleen de allerbeste\u00a0 Producten We zijn altijd op zoek naar de beste producten voor uw haarverzorging, op het gebied van kwaliteit en milieuvriendelijkheid. Oliebe, onze 100% plantaardige kleuring.&nbsp; Authentic beauty, Aveda, Sebastian, Unite en Schwarzkopf maken ons assortiment compleet. Gezien de 100% natuurlijke kleuring niet bij iedereen mogelijk is, werken wij daarnaast ook nog [&hellip;]<\/p>\n","protected":false},"author":1,"featured_media":0,"parent":0,"menu_order":0,"comment_status":"closed","ping_status":"closed","template":"elementor_header_footer","meta":{"footnotes":""},"class_list":["post-355","page","type-page","status-publish","hentry"],"_links":{"self":[{"href":"https:\/\/artacoiffeur.nl\/de\/wp-json\/wp\/v2\/pages\/355","targetHints":{"allow":["GET"]}}],"collection":[{"href":"https:\/\/artacoiffeur.nl\/de\/wp-json\/wp\/v2\/pages"}],"about":[{"href":"https:\/\/artacoiffeur.nl\/de\/wp-json\/wp\/v2\/types\/page"}],"author":[{"embeddable":true,"href":"https:\/\/artacoiffeur.nl\/de\/wp-json\/wp\/v2\/users\/1"}],"replies":[{"embeddable":true,"href":"https:\/\/artacoiffeur.nl\/de\/wp-json\/wp\/v2\/comments?post=355"}],"version-history":[{"count":55,"href":"https:\/\/artacoiffeur.nl\/de\/wp-json\/wp\/v2\/pages\/355\/revisions"}],"predecessor-version":[{"id":635,"href":"https:\/\/artacoiffeur.nl\/de\/wp-json\/wp\/v2\/pages\/355\/revisions\/635"}],"wp:attachment":[{"href":"https:\/\/artacoiffeur.nl\/de\/wp-json\/wp\/v2\/media?parent=355"}],"curies":[{"name":"wp","href":"https:\/\/api.w.org\/{rel}","templated":true}]}}