{"id":291,"date":"2024-03-20T19:11:23","date_gmt":"2024-03-20T18:11:23","guid":{"rendered":"https:\/\/artacoiffeur.043test.nl\/?page_id=291"},"modified":"2026-04-14T10:26:24","modified_gmt":"2026-04-14T08:26:24","slug":"preise","status":"publish","type":"page","link":"https:\/\/artacoiffeur.nl\/de\/tarieven\/","title":{"rendered":"Preise"},"content":{"rendered":"<style>.elementor-291 .elementor-element.elementor-element-3fffced{--display:flex;--min-height:30vh;--flex-direction:column;--container-widget-width:calc( ( 1 - var( --container-widget-flex-grow ) ) * 100% );--container-widget-height:initial;--container-widget-flex-grow:0;--container-widget-align-self:initial;--flex-wrap-mobile:wrap;--justify-content:center;--align-items:center;--gap:10px 10px;--row-gap:10px;--column-gap:10px;--overlay-opacity:0.7;--padding-top:30px;--padding-bottom:0px;--padding-left:0px;--padding-right:0px;}.elementor-291 .elementor-element.elementor-element-3fffced:not(.elementor-motion-effects-element-type-background), .elementor-291 .elementor-element.elementor-element-3fffced > .elementor-motion-effects-container > .elementor-motion-effects-layer{background-image:url(\"https:\/\/artacoiffeur.nl\/wp-content\/uploads\/2024\/03\/arta-lampen.jpg\");background-position:center center;background-size:cover;}.elementor-291 .elementor-element.elementor-element-3fffced::before, .elementor-291 .elementor-element.elementor-element-3fffced > .elementor-background-video-container::before, .elementor-291 .elementor-element.elementor-element-3fffced > .e-con-inner > .elementor-background-video-container::before, .elementor-291 .elementor-element.elementor-element-3fffced > .elementor-background-slideshow::before, .elementor-291 .elementor-element.elementor-element-3fffced > .e-con-inner > .elementor-background-slideshow::before, .elementor-291 .elementor-element.elementor-element-3fffced > .elementor-motion-effects-container > .elementor-motion-effects-layer::before{--background-overlay:'';background-color:#FFFFFF;}.elementor-291 .elementor-element.elementor-element-cec29e6{text-align:center;}.elementor-291 .elementor-element.elementor-element-fd7f697{--display:flex;--flex-direction:row;--container-widget-width:calc( ( 1 - var( --container-widget-flex-grow ) ) * 100% );--container-widget-height:100%;--container-widget-flex-grow:1;--container-widget-align-self:stretch;--flex-wrap-mobile:wrap;--align-items:stretch;--gap:10px 10px;--row-gap:10px;--column-gap:10px;--padding-top:100px;--padding-bottom:100px;--padding-left:0px;--padding-right:0px;}.elementor-291 .elementor-element.elementor-element-fd7f697:not(.elementor-motion-effects-element-type-background), .elementor-291 .elementor-element.elementor-element-fd7f697 > .elementor-motion-effects-container > .elementor-motion-effects-layer{background-color:#FDFDFD;}.elementor-291 .elementor-element.elementor-element-5a6c525{--display:flex;--justify-content:flex-start;--margin-top:0px;--margin-bottom:0px;--margin-left:0px;--margin-right:70px;--padding-top:0px;--padding-bottom:0px;--padding-left:0px;--padding-right:0px;}.elementor-291 .elementor-element.elementor-element-114590d .elementor-heading-title{font-family:var( --e-global-typography-primary-font-family ), Sans-serif;font-size:var( --e-global-typography-primary-font-size );font-weight:var( --e-global-typography-primary-font-weight );line-height:var( --e-global-typography-primary-line-height );color:var( --e-global-color-f5a1873 );}.elementor-291 .elementor-element.elementor-element-114590d > .elementor-widget-container{margin:0px 0px 0px 0px;padding:0px 0px 20px 0px;}.elementor-291 .elementor-element.elementor-element-e7be79f .elementor-price-list-item{align-items:flex-start;}.elementor-291 .elementor-element.elementor-element-e7be79f .elementor-price-list li:not(:last-child){margin-bottom:20px;}body.rtl .elementor-291 .elementor-element.elementor-element-e7be79f .elementor-price-list-image{padding-left:calc(20px\/2);}body.rtl .elementor-291 .elementor-element.elementor-element-e7be79f .elementor-price-list-image + .elementor-price-list-text{padding-right:calc(20px\/2);}body:not(.rtl) .elementor-291 .elementor-element.elementor-element-e7be79f .elementor-price-list-image{padding-right:calc(20px\/2);}body:not(.rtl) .elementor-291 .elementor-element.elementor-element-e7be79f .elementor-price-list-image + .elementor-price-list-text{padding-left:calc(20px\/2);}.elementor-291 .elementor-element.elementor-element-e7be79f .elementor-price-list-header{color:var( --e-global-color-primary );font-family:\"Playfair Display\", Sans-serif;}.elementor-291 .elementor-element.elementor-element-e7be79f .elementor-price-list-description{color:var( --e-global-color-f5a1873 );}.elementor-291 .elementor-element.elementor-element-e7be79f .elementor-price-list-separator{border-bottom-style:dotted;border-bottom-width:2px;}.elementor-291 .elementor-element.elementor-element-f8724f3{--display:flex;--justify-content:flex-start;--margin-top:0px;--margin-bottom:0px;--margin-left:0px;--margin-right:70px;--padding-top:0px;--padding-bottom:0px;--padding-left:0px;--padding-right:0px;}.elementor-291 .elementor-element.elementor-element-fb37338 .elementor-heading-title{font-family:var( --e-global-typography-primary-font-family ), Sans-serif;font-size:var( --e-global-typography-primary-font-size );font-weight:var( --e-global-typography-primary-font-weight );line-height:var( --e-global-typography-primary-line-height );color:var( --e-global-color-f5a1873 );}.elementor-291 .elementor-element.elementor-element-fb37338 > .elementor-widget-container{margin:0px 0px 0px 0px;padding:0px 0px 20px 0px;}.elementor-291 .elementor-element.elementor-element-93a60ff .elementor-price-list-item{align-items:flex-start;}.elementor-291 .elementor-element.elementor-element-93a60ff .elementor-price-list li:not(:last-child){margin-bottom:20px;}body.rtl .elementor-291 .elementor-element.elementor-element-93a60ff .elementor-price-list-image{padding-left:calc(20px\/2);}body.rtl .elementor-291 .elementor-element.elementor-element-93a60ff .elementor-price-list-image + .elementor-price-list-text{padding-right:calc(20px\/2);}body:not(.rtl) .elementor-291 .elementor-element.elementor-element-93a60ff .elementor-price-list-image{padding-right:calc(20px\/2);}body:not(.rtl) .elementor-291 .elementor-element.elementor-element-93a60ff .elementor-price-list-image + .elementor-price-list-text{padding-left:calc(20px\/2);}.elementor-291 .elementor-element.elementor-element-93a60ff .elementor-price-list-header{color:var( --e-global-color-primary );font-family:\"Playfair Display\", Sans-serif;}.elementor-291 .elementor-element.elementor-element-93a60ff .elementor-price-list-description{color:var( --e-global-color-f5a1873 );}.elementor-291 .elementor-element.elementor-element-93a60ff .elementor-price-list-separator{border-bottom-style:dotted;border-bottom-width:2px;}.elementor-291 .elementor-element.elementor-element-578dfa6 .elementor-heading-title{font-family:var( --e-global-typography-primary-font-family ), Sans-serif;font-size:var( --e-global-typography-primary-font-size );font-weight:var( --e-global-typography-primary-font-weight );line-height:var( --e-global-typography-primary-line-height );color:var( --e-global-color-f5a1873 );}.elementor-291 .elementor-element.elementor-element-578dfa6 > .elementor-widget-container{margin:0px 0px 0px 0px;padding:0px 0px 20px 0px;}.elementor-291 .elementor-element.elementor-element-3e49830 .elementor-price-list-item{align-items:flex-start;}.elementor-291 .elementor-element.elementor-element-3e49830 .elementor-price-list li:not(:last-child){margin-bottom:20px;}body.rtl .elementor-291 .elementor-element.elementor-element-3e49830 .elementor-price-list-image{padding-left:calc(20px\/2);}body.rtl .elementor-291 .elementor-element.elementor-element-3e49830 .elementor-price-list-image + .elementor-price-list-text{padding-right:calc(20px\/2);}body:not(.rtl) .elementor-291 .elementor-element.elementor-element-3e49830 .elementor-price-list-image{padding-right:calc(20px\/2);}body:not(.rtl) .elementor-291 .elementor-element.elementor-element-3e49830 .elementor-price-list-image + .elementor-price-list-text{padding-left:calc(20px\/2);}.elementor-291 .elementor-element.elementor-element-3e49830 .elementor-price-list-header{color:var( --e-global-color-primary );font-family:\"Playfair Display\", Sans-serif;}.elementor-291 .elementor-element.elementor-element-3e49830 .elementor-price-list-description{color:var( --e-global-color-f5a1873 );}.elementor-291 .elementor-element.elementor-element-3e49830 .elementor-price-list-separator{border-bottom-style:none;}@media(min-width:768px){.elementor-291 .elementor-element.elementor-element-3fffced{--content-width:1200px;}.elementor-291 .elementor-element.elementor-element-fd7f697{--content-width:1200px;}.elementor-291 .elementor-element.elementor-element-5a6c525{--width:100%;}.elementor-291 .elementor-element.elementor-element-f8724f3{--width:100%;}}@media(max-width:1024px) and (min-width:768px){.elementor-291 .elementor-element.elementor-element-5a6c525{--width:100%;}.elementor-291 .elementor-element.elementor-element-f8724f3{--width:100%;}}@media(max-width:1024px){.elementor-291 .elementor-element.elementor-element-fd7f697{--flex-direction:column;--container-widget-width:100%;--container-widget-height:initial;--container-widget-flex-grow:0;--container-widget-align-self:initial;--flex-wrap-mobile:wrap;--padding-top:70px;--padding-bottom:70px;--padding-left:30px;--padding-right:30px;}.elementor-291 .elementor-element.elementor-element-5a6c525{--margin-top:0px;--margin-bottom:0px;--margin-left:0px;--margin-right:0px;--padding-top:0px;--padding-bottom:50px;--padding-left:0px;--padding-right:0px;}.elementor-291 .elementor-element.elementor-element-114590d{text-align:center;}.elementor-291 .elementor-element.elementor-element-114590d .elementor-heading-title{font-size:var( --e-global-typography-primary-font-size );line-height:var( --e-global-typography-primary-line-height );}.elementor-291 .elementor-element.elementor-element-f8724f3{--margin-top:0px;--margin-bottom:0px;--margin-left:0px;--margin-right:0px;--padding-top:0px;--padding-bottom:50px;--padding-left:0px;--padding-right:0px;}.elementor-291 .elementor-element.elementor-element-fb37338{text-align:center;}.elementor-291 .elementor-element.elementor-element-fb37338 .elementor-heading-title{font-size:var( --e-global-typography-primary-font-size );line-height:var( --e-global-typography-primary-line-height );}.elementor-291 .elementor-element.elementor-element-578dfa6{text-align:center;}.elementor-291 .elementor-element.elementor-element-578dfa6 .elementor-heading-title{font-size:var( --e-global-typography-primary-font-size );line-height:var( --e-global-typography-primary-line-height );}}@media(max-width:767px){.elementor-291 .elementor-element.elementor-element-3fffced{--min-height:25vh;}.elementor-291 .elementor-element.elementor-element-fd7f697{--padding-top:50px;--padding-bottom:50px;--padding-left:20px;--padding-right:20px;}.elementor-291 .elementor-element.elementor-element-114590d{text-align:start;}.elementor-291 .elementor-element.elementor-element-114590d .elementor-heading-title{font-size:var( --e-global-typography-primary-font-size );line-height:var( --e-global-typography-primary-line-height );}.elementor-291 .elementor-element.elementor-element-e7be79f .elementor-price-list-header{font-size:14px;}.elementor-291 .elementor-element.elementor-element-fb37338{text-align:start;}.elementor-291 .elementor-element.elementor-element-fb37338 .elementor-heading-title{font-size:var( --e-global-typography-primary-font-size );line-height:var( --e-global-typography-primary-line-height );}.elementor-291 .elementor-element.elementor-element-93a60ff .elementor-price-list-header{font-size:14px;}.elementor-291 .elementor-element.elementor-element-578dfa6{text-align:start;}.elementor-291 .elementor-element.elementor-element-578dfa6 .elementor-heading-title{font-size:var( --e-global-typography-primary-font-size );line-height:var( --e-global-typography-primary-line-height );}.elementor-291 .elementor-element.elementor-element-3e49830 .elementor-price-list-header{font-size:14px;}}<\/style>\t\t<div data-elementor-type=\"wp-page\" data-elementor-id=\"291\" class=\"elementor elementor-291\" data-elementor-post-type=\"page\">\n\t\t\t\t<div class=\"elementor-element elementor-element-3fffced e-flex e-con-boxed e-con e-parent\" data-id=\"3fffced\" data-element_type=\"container\" data-e-type=\"container\" data-settings=\"{&quot;background_background&quot;:&quot;classic&quot;,&quot;jet_parallax_layout_list&quot;:[]}\">\n\t\t\t\t\t<div class=\"e-con-inner\">\n\t\t\t\t<div class=\"elementor-element elementor-element-cec29e6 elementor-invisible elementor-widget elementor-widget-heading\" data-id=\"cec29e6\" data-element_type=\"widget\" data-e-type=\"widget\" data-settings=\"{&quot;_animation&quot;:&quot;fadeIn&quot;}\" data-widget_type=\"heading.default\">\n\t\t\t\t<div class=\"elementor-widget-container\">\n\t\t\t\t\t<h2 class=\"elementor-heading-title elementor-size-default\">Preise<\/h2>\t\t\t\t<\/div>\n\t\t\t\t<\/div>\n\t\t\t\t\t<\/div>\n\t\t\t\t<\/div>\n\t\t<div class=\"elementor-element elementor-element-fd7f697 e-flex e-con-boxed e-con e-parent\" data-id=\"fd7f697\" data-element_type=\"container\" data-e-type=\"container\" data-settings=\"{&quot;background_background&quot;:&quot;classic&quot;,&quot;jet_parallax_layout_list&quot;:[]}\">\n\t\t\t\t\t<div class=\"e-con-inner\">\n\t\t<div class=\"elementor-element elementor-element-5a6c525 e-con-full e-flex e-con e-child\" data-id=\"5a6c525\" data-element_type=\"container\" data-e-type=\"container\" data-settings=\"{&quot;jet_parallax_layout_list&quot;:[]}\">\n\t\t\t\t<div class=\"elementor-element elementor-element-114590d elementor-invisible elementor-widget elementor-widget-heading\" data-id=\"114590d\" data-element_type=\"widget\" data-e-type=\"widget\" data-settings=\"{&quot;_animation&quot;:&quot;fadeIn&quot;,&quot;_animation_delay&quot;:200}\" data-widget_type=\"heading.default\">\n\t\t\t\t<div class=\"elementor-widget-container\">\n\t\t\t\t\t<h2 class=\"elementor-heading-title elementor-size-default\">Mit Termin<\/h2>\t\t\t\t<\/div>\n\t\t\t\t<\/div>\n\t\t\t\t<div class=\"elementor-element elementor-element-e7be79f elementor-widget elementor-widget-price-list\" data-id=\"e7be79f\" data-element_type=\"widget\" data-e-type=\"widget\" data-widget_type=\"price-list.default\">\n\t\t\t\t<div class=\"elementor-widget-container\">\n\t\t\t\t\t\n\t\t<ul class=\"elementor-price-list\">\n\n\t\t\t\t\t\t\t\t\t<li class=\"elementor-price-list-item\">\t\t\t\t\n\t\t\t\t<div class=\"elementor-price-list-text\">\n\t\t\t\t\t\t\t\t\t<div class=\"elementor-price-list-header\">\n\t\t\t\t\t\t\t\t\t\t\t<span class=\"elementor-price-list-title\">\n\t\t\t\t\t\t\tUmfassende Behandlung\t\t\t\t\t\t<\/span>\n\t\t\t\t\t\t\t\t\t\t\t\t\t\t\t\t\t\t<span class=\"elementor-price-list-separator\"><\/span>\n\t\t\t\t\t\t\t\t\t\t\t\t\t\t\t\t\t\t\t<span class=\"elementor-price-list-price\">\u20ac87,50<\/span>\n\t\t\t\t\t\t\t\t\t\t<\/div>\n\t\t\t\t\t\t\t\t\t\t\t\t\t\t\t<p class=\"elementor-price-list-description\">\n\t\t\t\t\t\t\tWaschen, Schneiden und F\u00f6hnen\t\t\t\t\t\t<\/p>\n\t\t\t\t\t\t\t\t<\/div>\n\t\t\t\t<\/li>\t\t\t\t\t\t\t\t\t\t\t\t<li class=\"elementor-price-list-item\">\t\t\t\t\n\t\t\t\t<div class=\"elementor-price-list-text\">\n\t\t\t\t\t\t\t\t\t<div class=\"elementor-price-list-header\">\n\t\t\t\t\t\t\t\t\t\t\t<span class=\"elementor-price-list-title\">\n\t\t\t\t\t\t\tHaarschnitt f\u00fcr M\u00e4nner\t\t\t\t\t\t<\/span>\n\t\t\t\t\t\t\t\t\t\t\t\t\t\t\t\t\t\t<span class=\"elementor-price-list-separator\"><\/span>\n\t\t\t\t\t\t\t\t\t\t\t\t\t\t\t\t\t\t\t<span class=\"elementor-price-list-price\">\u20ac63,00<\/span>\n\t\t\t\t\t\t\t\t\t\t<\/div>\n\t\t\t\t\t\t\t\t\t\t\t\t\t\t\t<p class=\"elementor-price-list-description\">\n\t\t\t\t\t\t\tWaschen, Schneiden und F\u00f6hnen\t\t\t\t\t\t<\/p>\n\t\t\t\t\t\t\t\t<\/div>\n\t\t\t\t<\/li>\t\t\t\t\t\t\t\t\t\t\t\t<li class=\"elementor-price-list-item\">\t\t\t\t\n\t\t\t\t<div class=\"elementor-price-list-text\">\n\t\t\t\t\t\t\t\t\t<div class=\"elementor-price-list-header\">\n\t\t\t\t\t\t\t\t\t\t\t<span class=\"elementor-price-list-title\">\n\t\t\t\t\t\t\tHaarf\u00e4rbemittel\t\t\t\t\t\t<\/span>\n\t\t\t\t\t\t\t\t\t\t\t\t\t\t\t\t\t\t<span class=\"elementor-price-list-separator\"><\/span>\n\t\t\t\t\t\t\t\t\t\t\t\t\t\t\t\t\t\t\t<span class=\"elementor-price-list-price\">ab 69,50 \u20ac.<\/span>\n\t\t\t\t\t\t\t\t\t\t<\/div>\n\t\t\t\t\t\t\t\t\t\t\t\t<\/div>\n\t\t\t\t<\/li>\t\t\t\t\t\t\t\t\t\t\t\t<li class=\"elementor-price-list-item\">\t\t\t\t\n\t\t\t\t<div class=\"elementor-price-list-text\">\n\t\t\t\t\t\t\t\t\t<div class=\"elementor-price-list-header\">\n\t\t\t\t\t\t\t\t\t\t\t<span class=\"elementor-price-list-title\">\n\t\t\t\t\t\t\tHaare f\u00e4rben Kontur\/Scheitel\t\t\t\t\t\t<\/span>\n\t\t\t\t\t\t\t\t\t\t\t\t\t\t\t\t\t\t<span class=\"elementor-price-list-separator\"><\/span>\n\t\t\t\t\t\t\t\t\t\t\t\t\t\t\t\t\t\t\t<span class=\"elementor-price-list-price\">ab 28,50 \u20ac.<\/span>\n\t\t\t\t\t\t\t\t\t\t<\/div>\n\t\t\t\t\t\t\t\t\t\t\t\t<\/div>\n\t\t\t\t<\/li>\t\t\t\t\t\t\t\t\t\t\t\t<li class=\"elementor-price-list-item\">\t\t\t\t\n\t\t\t\t<div class=\"elementor-price-list-text\">\n\t\t\t\t\t\t\t\t\t<div class=\"elementor-price-list-header\">\n\t\t\t\t\t\t\t\t\t\t\t<span class=\"elementor-price-list-title\">\n\t\t\t\t\t\t\tHaarf\u00e4rbemittel auf Pflanzenbasis\t\t\t\t\t\t<\/span>\n\t\t\t\t\t\t\t\t\t\t\t\t\t\t\t\t\t\t<span class=\"elementor-price-list-separator\"><\/span>\n\t\t\t\t\t\t\t\t\t\t\t\t\t\t\t\t\t\t\t<span class=\"elementor-price-list-price\">ab 69,50 \u20ac.<\/span>\n\t\t\t\t\t\t\t\t\t\t<\/div>\n\t\t\t\t\t\t\t\t\t\t\t\t<\/div>\n\t\t\t\t<\/li>\t\t\t\t\t\t\t\t\t\t\t\t<li class=\"elementor-price-list-item\">\t\t\t\t\n\t\t\t\t<div class=\"elementor-price-list-text\">\n\t\t\t\t\t\t\t\t\t<div class=\"elementor-price-list-header\">\n\t\t\t\t\t\t\t\t\t\t\t<span class=\"elementor-price-list-title\">\n\t\t\t\t\t\t\tCoupe soleil - Kamm\t\t\t\t\t\t<\/span>\n\t\t\t\t\t\t\t\t\t\t\t\t\t\t\t\t\t\t<span class=\"elementor-price-list-separator\"><\/span>\n\t\t\t\t\t\t\t\t\t\t\t\t\t\t\t\t\t\t\t<span class=\"elementor-price-list-price\">von \u20ac46,50<\/span>\n\t\t\t\t\t\t\t\t\t\t<\/div>\n\t\t\t\t\t\t\t\t\t\t\t\t<\/div>\n\t\t\t\t<\/li>\t\t\t\t\t\t\t\t\t\t\t\t<li class=\"elementor-price-list-item\">\t\t\t\t\n\t\t\t\t<div class=\"elementor-price-list-text\">\n\t\t\t\t\t\t\t\t\t<div class=\"elementor-price-list-header\">\n\t\t\t\t\t\t\t\t\t\t\t<span class=\"elementor-price-list-title\">\n\t\t\t\t\t\t\tCoupe soleil - Planke\t\t\t\t\t\t<\/span>\n\t\t\t\t\t\t\t\t\t\t\t\t\t\t\t\t\t\t<span class=\"elementor-price-list-separator\"><\/span>\n\t\t\t\t\t\t\t\t\t\t\t\t\t\t\t\t\t\t\t<span class=\"elementor-price-list-price\">von \u20ac88.00<\/span>\n\t\t\t\t\t\t\t\t\t\t<\/div>\n\t\t\t\t\t\t\t\t\t\t\t\t<\/div>\n\t\t\t\t<\/li>\t\t\t\t\t\t\t\t\t\t\t\t<li class=\"elementor-price-list-item\">\t\t\t\t\n\t\t\t\t<div class=\"elementor-price-list-text\">\n\t\t\t\t\t\t\t\t\t<div class=\"elementor-price-list-header\">\n\t\t\t\t\t\t\t\t\t\t\t<span class=\"elementor-price-list-title\">\n\t\t\t\t\t\t\tCoupe soleil - Folie\t\t\t\t\t\t<\/span>\n\t\t\t\t\t\t\t\t\t\t\t\t\t\t\t\t\t\t<span class=\"elementor-price-list-separator\"><\/span>\n\t\t\t\t\t\t\t\t\t\t\t\t\t\t\t\t\t\t\t<span class=\"elementor-price-list-price\">von \u20ac105,50<\/span>\n\t\t\t\t\t\t\t\t\t\t<\/div>\n\t\t\t\t\t\t\t\t\t\t\t\t<\/div>\n\t\t\t\t<\/li>\t\t\t\t\t\n\t\t<\/ul>\n\n\t\t\t\t\t\t<\/div>\n\t\t\t\t<\/div>\n\t\t\t\t<\/div>\n\t\t<div class=\"elementor-element elementor-element-f8724f3 e-con-full e-flex e-con e-child\" data-id=\"f8724f3\" data-element_type=\"container\" data-e-type=\"container\" data-settings=\"{&quot;jet_parallax_layout_list&quot;:[]}\">\n\t\t\t\t<div class=\"elementor-element elementor-element-fb37338 elementor-invisible elementor-widget elementor-widget-heading\" data-id=\"fb37338\" data-element_type=\"widget\" data-e-type=\"widget\" data-settings=\"{&quot;_animation&quot;:&quot;fadeIn&quot;,&quot;_animation_delay&quot;:200}\" data-widget_type=\"heading.default\">\n\t\t\t\t<div class=\"elementor-widget-container\">\n\t\t\t\t\t<h2 class=\"elementor-heading-title elementor-size-default\">Ohne Termin<\/h2>\t\t\t\t<\/div>\n\t\t\t\t<\/div>\n\t\t\t\t<div class=\"elementor-element elementor-element-93a60ff elementor-widget elementor-widget-price-list\" data-id=\"93a60ff\" data-element_type=\"widget\" data-e-type=\"widget\" data-widget_type=\"price-list.default\">\n\t\t\t\t<div class=\"elementor-widget-container\">\n\t\t\t\t\t\n\t\t<ul class=\"elementor-price-list\">\n\n\t\t\t\t\t\t\t\t\t<li class=\"elementor-price-list-item\">\t\t\t\t\n\t\t\t\t<div class=\"elementor-price-list-text\">\n\t\t\t\t\t\t\t\t\t<div class=\"elementor-price-list-header\">\n\t\t\t\t\t\t\t\t\t\t\t<span class=\"elementor-price-list-title\">\n\t\t\t\t\t\t\tNur ein Schnitt ' Schnellservice\t\t\t\t\t\t<\/span>\n\t\t\t\t\t\t\t\t\t\t\t\t\t\t\t\t\t\t<span class=\"elementor-price-list-separator\"><\/span>\n\t\t\t\t\t\t\t\t\t\t\t\t\t\t\t\t\t\t\t<span class=\"elementor-price-list-price\">\u20ac53,00<\/span>\n\t\t\t\t\t\t\t\t\t\t<\/div>\n\t\t\t\t\t\t\t\t\t\t\t\t\t\t\t<p class=\"elementor-price-list-description\">\n\t\t\t\t\t\t\tDies ist eine k\u00fcrzere Behandlung als die erweiterte Behandlung. F\u00fcr diese Behandlung k\u00f6nnen Sie keinen Termin vereinbaren; Sie kommen, wann es Ihnen passt. Bitte beachten Sie, dass an diesem Tag m\u00f6glicherweise kein Platz mehr frei ist. Wenn alle unsere Stylisten im Einsatz sind, m\u00fcssen Sie m\u00f6glicherweise warten. Sie werden einmal gewaschen, geschnitten und gef\u00f6hnt. Nat\u00fcrlich erhalten Sie auch bei dieser Behandlung eine Haarschnittberatung.\t\t\t\t\t\t<\/p>\n\t\t\t\t\t\t\t\t<\/div>\n\t\t\t\t<\/li>\t\t\t\t\t\n\t\t<\/ul>\n\n\t\t\t\t\t\t<\/div>\n\t\t\t\t<\/div>\n\t\t\t\t<div class=\"elementor-element elementor-element-578dfa6 elementor-invisible elementor-widget elementor-widget-heading\" data-id=\"578dfa6\" data-element_type=\"widget\" data-e-type=\"widget\" data-settings=\"{&quot;_animation&quot;:&quot;fadeIn&quot;,&quot;_animation_delay&quot;:200}\" data-widget_type=\"heading.default\">\n\t\t\t\t<div class=\"elementor-widget-container\">\n\t\t\t\t\t<h2 class=\"elementor-heading-title elementor-size-default\">Abbrechen<\/h2>\t\t\t\t<\/div>\n\t\t\t\t<\/div>\n\t\t\t\t<div class=\"elementor-element elementor-element-3e49830 elementor-widget elementor-widget-price-list\" data-id=\"3e49830\" data-element_type=\"widget\" data-e-type=\"widget\" data-widget_type=\"price-list.default\">\n\t\t\t\t<div class=\"elementor-widget-container\">\n\t\t\t\t\t\n\t\t<ul class=\"elementor-price-list\">\n\n\t\t\t\t\t\t\t\t\t<li class=\"elementor-price-list-item\">\t\t\t\t\n\t\t\t\t<div class=\"elementor-price-list-text\">\n\t\t\t\t\t\t\t\t\t<div class=\"elementor-price-list-header\">\n\t\t\t\t\t\t\t\t\t\t\t<span class=\"elementor-price-list-title\">\n\t\t\t\t\t\t\tBitte rechtzeitig absagen\t\t\t\t\t\t<\/span>\n\t\t\t\t\t\t\t\t\t\t\t\t\t\t\t\t\t\t\t\t\t<\/div>\n\t\t\t\t\t\t\t\t\t\t\t\t\t\t\t<p class=\"elementor-price-list-description\">\n\t\t\t\t\t\t\tTermine, die weniger als 24 Stunden im Voraus abgesagt werden, werden mit 50% berechnet.\nWir bitten Sie, rechtzeitig abzusagen, damit wir den Termin verschieben k\u00f6nnen.\t\t\t\t\t\t<\/p>\n\t\t\t\t\t\t\t\t<\/div>\n\t\t\t\t<\/li>\t\t\t\t\t\n\t\t<\/ul>\n\n\t\t\t\t\t\t<\/div>\n\t\t\t\t<\/div>\n\t\t\t\t<\/div>\n\t\t\t\t\t<\/div>\n\t\t\t\t<\/div>\n\t\t\t\t<\/div>","protected":false},"excerpt":{"rendered":"<p>Tarieven Met afspraak Uitgebreide behandeling \u20ac87,50 Wassen, knippen en f\u00f6hnen Heren Knippen \u20ac63,00 Wassen, knippen en f\u00f6hnen Haarverven vanaf \u20ac69,50 Haarverven contour\/ scheiding vanaf \u20ac28,50 Haarverven plantaardig vanaf \u20ac69,50 Coupe soleil \u2013 kam vanaf \u20ac46,50 Coupe soleil \u2013 plank vanaf \u20ac88,00 Coupe soleil \u2013 folie vanaf \u20ac105,50 Zonder afspraak \u2018Just a cut \u2018 Quick- service [&hellip;]<\/p>\n","protected":false},"author":1,"featured_media":0,"parent":0,"menu_order":0,"comment_status":"closed","ping_status":"closed","template":"elementor_header_footer","meta":{"footnotes":""},"class_list":["post-291","page","type-page","status-publish","hentry"],"_links":{"self":[{"href":"https:\/\/artacoiffeur.nl\/de\/wp-json\/wp\/v2\/pages\/291","targetHints":{"allow":["GET"]}}],"collection":[{"href":"https:\/\/artacoiffeur.nl\/de\/wp-json\/wp\/v2\/pages"}],"about":[{"href":"https:\/\/artacoiffeur.nl\/de\/wp-json\/wp\/v2\/types\/page"}],"author":[{"embeddable":true,"href":"https:\/\/artacoiffeur.nl\/de\/wp-json\/wp\/v2\/users\/1"}],"replies":[{"embeddable":true,"href":"https:\/\/artacoiffeur.nl\/de\/wp-json\/wp\/v2\/comments?post=291"}],"version-history":[{"count":49,"href":"https:\/\/artacoiffeur.nl\/de\/wp-json\/wp\/v2\/pages\/291\/revisions"}],"predecessor-version":[{"id":647,"href":"https:\/\/artacoiffeur.nl\/de\/wp-json\/wp\/v2\/pages\/291\/revisions\/647"}],"wp:attachment":[{"href":"https:\/\/artacoiffeur.nl\/de\/wp-json\/wp\/v2\/media?parent=291"}],"curies":[{"name":"wp","href":"https:\/\/api.w.org\/{rel}","templated":true}]}}